{"id":10,"date":"2025-04-17T13:18:36","date_gmt":"2025-04-17T13:18:36","guid":{"rendered":"https:\/\/doro-naeht.de\/?page_id=10"},"modified":"2025-04-23T06:48:10","modified_gmt":"2025-04-23T06:48:10","slug":"impressum","status":"publish","type":"page","link":"https:\/\/doro-naeht.de\/index.php\/impressum\/","title":{"rendered":"Impressum"},"content":{"rendered":"\n<div style=\"height:175px\" aria-hidden=\"true\" class=\"wp-block-spacer\"><\/div>\n\n\n\n<h1 class=\"wp-block-heading\"><strong>Impressum<\/strong><\/h1>\n\n\n\n<h3 class=\"wp-block-heading\"><strong>Inhalte gem\u00e4\u00df \u00a75 DDG<\/strong><\/h3>\n\n\n\n<p>Doro.naeht.de<br>Inhaberin: Dorothea Nawrot<\/p>\n\n\n\n<p>c\/o IP-Management #<a href=\"https:\/\/www.google.com\/maps\/search\/5022+Ludwig-Erhard-Str.+18+20459+Hamburg?entry=gmail&amp;source=g\">5022<\/a><br><a href=\"https:\/\/www.google.com\/maps\/search\/5022+Ludwig-Erhard-Str.+18+20459+Hamburg?entry=gmail&amp;source=g\">Ludwig-Erhard-Str. 18<\/a><br><a href=\"https:\/\/www.google.com\/maps\/search\/5022+Ludwig-Erhard-Str.+18+20459+Hamburg?entry=gmail&amp;source=g\">20459 Hamburg<\/a><\/p>\n\n\n\n<h3 class=\"wp-block-heading\">Kontaktdaten:<\/h3>\n\n\n\n<p>E-Mail:&nbsp;<a href=\"mailto:doro.naeht@gmail.com\">doro.naeht@gmail.com<\/a><\/p>\n\n\n\n<h3 class=\"wp-block-heading\">EU-Streitschlichtung:<\/h3>\n\n\n\n<p>Die Europ\u00e4ische Kommission stellt eine Plattform zur Online-Streitbeilegung (OS) bereit:<br><a href=\"https:\/\/ec.europa.eu\/consumers\/odr\/\">ec.europa.eu\/consumers\/odr\/<\/a><\/p>\n\n\n\n<p>Unsere E-Mail-Adresse finden Sie oben im Impressum.<\/p>\n\n\n\n<p>Quelle:&nbsp;<a href=\"https:\/\/impressum-privatschutz.de\/\">Impressum-Privatschutz<\/a><\/p>\n","protected":false},"excerpt":{"rendered":"<p>Impressum Inhalte gem\u00e4\u00df \u00a75 DDG Doro.naeht.deInhaberin: Dorothea Nawrot c\/o IP-Management #5022Ludwig-Erhard-Str. 1820459 Hamburg Kontaktdaten: E-Mail:&nbsp;doro.naeht@gmail.com EU-Streitschlichtung: Die Europ\u00e4ische Kommission stellt [&hellip;]<\/p>\n","protected":false},"author":1,"featured_media":0,"parent":0,"menu_order":0,"comment_status":"closed","ping_status":"closed","template":"","meta":{"site-sidebar-layout":"no-sidebar","site-content-layout":"plain-container","ast-site-content-layout":"default","site-content-style":"default","site-sidebar-style":"default","ast-global-header-display":"","ast-banner-title-visibility":"","ast-main-header-display":"","ast-hfb-above-header-display":"","ast-hfb-below-header-display":"","ast-hfb-mobile-header-display":"","site-post-title":"disabled","ast-breadcrumbs-content":"","ast-featured-img":"","footer-sml-layout":"","ast-disable-related-posts":"","theme-transparent-header-meta":"enabled","adv-header-id-meta":"","stick-header-meta":"","header-above-stick-meta":"","header-main-stick-meta":"","header-below-stick-meta":"","astra-migrate-meta-layouts":"default","ast-page-background-enabled":"default","ast-page-background-meta":{"desktop":{"background-color":"var(--ast-global-color-5)","background-image":"","background-repeat":"repeat","background-position":"center center","background-size":"auto","background-attachment":"scroll","background-type":"","background-media":"","overlay-type":"","overlay-color":"","overlay-opacity":"","overlay-gradient":""},"tablet":{"background-color":"","background-image":"","background-repeat":"repeat","background-position":"center center","background-size":"auto","background-attachment":"scroll","background-type":"","background-media":"","overlay-type":"","overlay-color":"","overlay-opacity":"","overlay-gradient":""},"mobile":{"background-color":"","background-image":"","background-repeat":"repeat","background-position":"center center","background-size":"auto","background-attachment":"scroll","background-type":"","background-media":"","overlay-type":"","overlay-color":"","overlay-opacity":"","overlay-gradient":""}},"ast-content-background-meta":{"desktop":{"background-color":"var(--ast-global-color-4)","background-image":"","background-repeat":"repeat","background-position":"center center","background-size":"auto","background-attachment":"scroll","background-type":"","background-media":"","overlay-type":"","overlay-color":"","overlay-opacity":"","overlay-gradient":""},"tablet":{"background-color":"var(--ast-global-color-4)","background-image":"","background-repeat":"repeat","background-position":"center center","background-size":"auto","background-attachment":"scroll","background-type":"","background-media":"","overlay-type":"","overlay-color":"","overlay-opacity":"","overlay-gradient":""},"mobile":{"background-color":"var(--ast-global-color-4)","background-image":"","background-repeat":"repeat","background-position":"center center","background-size":"auto","background-attachment":"scroll","background-type":"","background-media":"","overlay-type":"","overlay-color":"","overlay-opacity":"","overlay-gradient":""}},"footnotes":""},"class_list":["post-10","page","type-page","status-publish","hentry"],"yoast_head":"<!-- This site is optimized with the Yoast SEO plugin v27.5 - https:\/\/yoast.com\/product\/yoast-seo-wordpress\/ -->\n<title>Impressum - Doro N\u00e4ht<\/title>\n<meta name=\"robots\" content=\"index, follow, max-snippet:-1, max-image-preview:large, max-video-preview:-1\" \/>\n<link rel=\"canonical\" href=\"https:\/\/doro-naeht.de\/index.php\/impressum\/\" \/>\n<meta property=\"og:locale\" content=\"de_DE\" \/>\n<meta property=\"og:type\" content=\"article\" \/>\n<meta property=\"og:title\" content=\"Impressum - Doro N\u00e4ht\" \/>\n<meta property=\"og:description\" content=\"Impressum Inhalte gem\u00e4\u00df \u00a75 DDG Doro.naeht.deInhaberin: Dorothea Nawrot c\/o IP-Management #5022Ludwig-Erhard-Str. 1820459 Hamburg Kontaktdaten: E-Mail:&nbsp;doro.naeht@gmail.com EU-Streitschlichtung: Die Europ\u00e4ische Kommission stellt [&hellip;]\" \/>\n<meta property=\"og:url\" content=\"https:\/\/doro-naeht.de\/index.php\/impressum\/\" \/>\n<meta property=\"og:site_name\" content=\"Doro N\u00e4ht\" \/>\n<meta property=\"article:modified_time\" content=\"2025-04-23T06:48:10+00:00\" \/>\n<meta name=\"twitter:card\" content=\"summary_large_image\" \/>\n<meta name=\"twitter:label1\" content=\"Gesch\u00e4tzte Lesezeit\" \/>\n\t<meta name=\"twitter:data1\" content=\"1\u00a0Minute\" \/>\n<script type=\"application\/ld+json\" class=\"yoast-schema-graph\">{\"@context\":\"https:\\\/\\\/schema.org\",\"@graph\":[{\"@type\":\"WebPage\",\"@id\":\"https:\\\/\\\/doro-naeht.de\\\/index.php\\\/impressum\\\/\",\"url\":\"https:\\\/\\\/doro-naeht.de\\\/index.php\\\/impressum\\\/\",\"name\":\"Impressum - Doro N\u00e4ht\",\"isPartOf\":{\"@id\":\"https:\\\/\\\/doro-naeht.de\\\/#website\"},\"datePublished\":\"2025-04-17T13:18:36+00:00\",\"dateModified\":\"2025-04-23T06:48:10+00:00\",\"breadcrumb\":{\"@id\":\"https:\\\/\\\/doro-naeht.de\\\/index.php\\\/impressum\\\/#breadcrumb\"},\"inLanguage\":\"de\",\"potentialAction\":[{\"@type\":\"ReadAction\",\"target\":[\"https:\\\/\\\/doro-naeht.de\\\/index.php\\\/impressum\\\/\"]}]},{\"@type\":\"BreadcrumbList\",\"@id\":\"https:\\\/\\\/doro-naeht.de\\\/index.php\\\/impressum\\\/#breadcrumb\",\"itemListElement\":[{\"@type\":\"ListItem\",\"position\":1,\"name\":\"Startseite\",\"item\":\"https:\\\/\\\/doro-naeht.de\\\/\"},{\"@type\":\"ListItem\",\"position\":2,\"name\":\"Impressum\"}]},{\"@type\":\"WebSite\",\"@id\":\"https:\\\/\\\/doro-naeht.de\\\/#website\",\"url\":\"https:\\\/\\\/doro-naeht.de\\\/\",\"name\":\"Doro N\u00e4ht\",\"description\":\"\",\"publisher\":{\"@id\":\"https:\\\/\\\/doro-naeht.de\\\/#organization\"},\"potentialAction\":[{\"@type\":\"SearchAction\",\"target\":{\"@type\":\"EntryPoint\",\"urlTemplate\":\"https:\\\/\\\/doro-naeht.de\\\/?s={search_term_string}\"},\"query-input\":{\"@type\":\"PropertyValueSpecification\",\"valueRequired\":true,\"valueName\":\"search_term_string\"}}],\"inLanguage\":\"de\"},{\"@type\":\"Organization\",\"@id\":\"https:\\\/\\\/doro-naeht.de\\\/#organization\",\"name\":\"Doro N\u00e4ht\",\"url\":\"https:\\\/\\\/doro-naeht.de\\\/\",\"logo\":{\"@type\":\"ImageObject\",\"inLanguage\":\"de\",\"@id\":\"https:\\\/\\\/doro-naeht.de\\\/#\\\/schema\\\/logo\\\/image\\\/\",\"url\":\"https:\\\/\\\/doro-naeht.de\\\/wp-content\\\/uploads\\\/2025\\\/04\\\/Doro-naeht_Frankfurt_Logo_lila.png\",\"contentUrl\":\"https:\\\/\\\/doro-naeht.de\\\/wp-content\\\/uploads\\\/2025\\\/04\\\/Doro-naeht_Frankfurt_Logo_lila.png\",\"width\":599,\"height\":599,\"caption\":\"Doro N\u00e4ht\"},\"image\":{\"@id\":\"https:\\\/\\\/doro-naeht.de\\\/#\\\/schema\\\/logo\\\/image\\\/\"}}]}<\/script>\n<!-- \/ Yoast SEO plugin. -->","yoast_head_json":{"title":"Impressum - Doro N\u00e4ht","robots":{"index":"index","follow":"follow","max-snippet":"max-snippet:-1","max-image-preview":"max-image-preview:large","max-video-preview":"max-video-preview:-1"},"canonical":"https:\/\/doro-naeht.de\/index.php\/impressum\/","og_locale":"de_DE","og_type":"article","og_title":"Impressum - Doro N\u00e4ht","og_description":"Impressum Inhalte gem\u00e4\u00df \u00a75 DDG Doro.naeht.deInhaberin: Dorothea Nawrot c\/o IP-Management #5022Ludwig-Erhard-Str. 1820459 Hamburg Kontaktdaten: E-Mail:&nbsp;doro.naeht@gmail.com EU-Streitschlichtung: Die Europ\u00e4ische Kommission stellt [&hellip;]","og_url":"https:\/\/doro-naeht.de\/index.php\/impressum\/","og_site_name":"Doro N\u00e4ht","article_modified_time":"2025-04-23T06:48:10+00:00","twitter_card":"summary_large_image","twitter_misc":{"Gesch\u00e4tzte Lesezeit":"1\u00a0Minute"},"schema":{"@context":"https:\/\/schema.org","@graph":[{"@type":"WebPage","@id":"https:\/\/doro-naeht.de\/index.php\/impressum\/","url":"https:\/\/doro-naeht.de\/index.php\/impressum\/","name":"Impressum - Doro N\u00e4ht","isPartOf":{"@id":"https:\/\/doro-naeht.de\/#website"},"datePublished":"2025-04-17T13:18:36+00:00","dateModified":"2025-04-23T06:48:10+00:00","breadcrumb":{"@id":"https:\/\/doro-naeht.de\/index.php\/impressum\/#breadcrumb"},"inLanguage":"de","potentialAction":[{"@type":"ReadAction","target":["https:\/\/doro-naeht.de\/index.php\/impressum\/"]}]},{"@type":"BreadcrumbList","@id":"https:\/\/doro-naeht.de\/index.php\/impressum\/#breadcrumb","itemListElement":[{"@type":"ListItem","position":1,"name":"Startseite","item":"https:\/\/doro-naeht.de\/"},{"@type":"ListItem","position":2,"name":"Impressum"}]},{"@type":"WebSite","@id":"https:\/\/doro-naeht.de\/#website","url":"https:\/\/doro-naeht.de\/","name":"Doro N\u00e4ht","description":"","publisher":{"@id":"https:\/\/doro-naeht.de\/#organization"},"potentialAction":[{"@type":"SearchAction","target":{"@type":"EntryPoint","urlTemplate":"https:\/\/doro-naeht.de\/?s={search_term_string}"},"query-input":{"@type":"PropertyValueSpecification","valueRequired":true,"valueName":"search_term_string"}}],"inLanguage":"de"},{"@type":"Organization","@id":"https:\/\/doro-naeht.de\/#organization","name":"Doro N\u00e4ht","url":"https:\/\/doro-naeht.de\/","logo":{"@type":"ImageObject","inLanguage":"de","@id":"https:\/\/doro-naeht.de\/#\/schema\/logo\/image\/","url":"https:\/\/doro-naeht.de\/wp-content\/uploads\/2025\/04\/Doro-naeht_Frankfurt_Logo_lila.png","contentUrl":"https:\/\/doro-naeht.de\/wp-content\/uploads\/2025\/04\/Doro-naeht_Frankfurt_Logo_lila.png","width":599,"height":599,"caption":"Doro N\u00e4ht"},"image":{"@id":"https:\/\/doro-naeht.de\/#\/schema\/logo\/image\/"}}]}},"_links":{"self":[{"href":"https:\/\/doro-naeht.de\/index.php\/wp-json\/wp\/v2\/pages\/10","targetHints":{"allow":["GET"]}}],"collection":[{"href":"https:\/\/doro-naeht.de\/index.php\/wp-json\/wp\/v2\/pages"}],"about":[{"href":"https:\/\/doro-naeht.de\/index.php\/wp-json\/wp\/v2\/types\/page"}],"author":[{"embeddable":true,"href":"https:\/\/doro-naeht.de\/index.php\/wp-json\/wp\/v2\/users\/1"}],"replies":[{"embeddable":true,"href":"https:\/\/doro-naeht.de\/index.php\/wp-json\/wp\/v2\/comments?post=10"}],"version-history":[{"count":5,"href":"https:\/\/doro-naeht.de\/index.php\/wp-json\/wp\/v2\/pages\/10\/revisions"}],"predecessor-version":[{"id":63,"href":"https:\/\/doro-naeht.de\/index.php\/wp-json\/wp\/v2\/pages\/10\/revisions\/63"}],"wp:attachment":[{"href":"https:\/\/doro-naeht.de\/index.php\/wp-json\/wp\/v2\/media?parent=10"}],"curies":[{"name":"wp","href":"https:\/\/api.w.org\/{rel}","templated":true}]}}