{"id":8,"date":"2025-04-17T13:18:36","date_gmt":"2025-04-17T13:18:36","guid":{"rendered":"https:\/\/doro-naeht.de\/?page_id=8"},"modified":"2025-05-02T08:21:20","modified_gmt":"2025-05-02T08:21:20","slug":"startseite","status":"publish","type":"page","link":"https:\/\/doro-naeht.de\/","title":{"rendered":"Startseite"},"content":{"rendered":"\n<div class=\"wp-block-cover alignfull\" style=\"min-height:720px;aspect-ratio:unset;\"><img loading=\"lazy\" decoding=\"async\" width=\"1007\" height=\"1024\" class=\"wp-block-cover__image-background wp-image-39 size-large\" alt=\"\" src=\"https:\/\/doro-naeht.de\/wp-content\/uploads\/2025\/04\/Doro-naeht___-1007x1024.jpg\" data-object-fit=\"cover\" srcset=\"https:\/\/doro-naeht.de\/wp-content\/uploads\/2025\/04\/Doro-naeht___-1007x1024.jpg 1007w, https:\/\/doro-naeht.de\/wp-content\/uploads\/2025\/04\/Doro-naeht___-295x300.jpg 295w, https:\/\/doro-naeht.de\/wp-content\/uploads\/2025\/04\/Doro-naeht___-768x781.jpg 768w, https:\/\/doro-naeht.de\/wp-content\/uploads\/2025\/04\/Doro-naeht___.jpg 1416w\" sizes=\"auto, (max-width: 1007px) 100vw, 1007px\" \/><span aria-hidden=\"true\" class=\"wp-block-cover__background has-background-dim-100 has-background-dim wp-block-cover__gradient-background has-background-gradient has-blush-light-purple-gradient-background\"><\/span><div class=\"wp-block-cover__inner-container is-layout-flow wp-block-cover-is-layout-flow\">\n<div class=\"inherit-container-width wp-block-group alignwide is-layout-constrained wp-block-group-is-layout-constrained\">\n<div class=\"wp-block-columns alignwide are-vertically-aligned-center is-layout-flex wp-container-core-columns-is-layout-28f84493 wp-block-columns-is-layout-flex\">\n<div class=\"wp-block-column is-layout-flow wp-block-column-is-layout-flow\" style=\"flex-basis:85%\">\n<h1 class=\"wp-block-heading has-text-align-left has-white-color has-text-color\">N\u00e4hen, Siebdrucken, Plotten &amp; Sticken<\/h1>\n\n\n\n<p class=\"has-white-color has-text-color\">Interesse an einem pers\u00f6nlichen Einzelst\u00fcck?<br>Schreib mir super gerne eine Nachricht&nbsp;<\/p>\n<\/div>\n\n\n\n<div class=\"wp-block-column is-layout-flow wp-block-column-is-layout-flow\" style=\"flex-basis:15%\"><\/div>\n<\/div>\n<\/div>\n<\/div><\/div>\n\n\n\n<div class=\"wp-block-group alignfull is-layout-constrained wp-container-core-group-is-layout-45b0ac4f wp-block-group-is-layout-constrained\" id=\"services\" style=\"padding-top:144px;padding-bottom:0px\">\n<h2 class=\"wp-block-heading\">Was Doro n\u00e4ht<\/h2>\n\n\n\n<div class=\"wp-block-columns is-layout-flex wp-container-core-columns-is-layout-60cbf9bb wp-block-columns-is-layout-flex\" style=\"margin-top:50px\">\n<div class=\"wp-block-column is-layout-flow wp-container-core-column-is-layout-6b73ce23 wp-block-column-is-layout-flow\">\n<figure class=\"wp-block-image size-full is-resized\"><img loading=\"lazy\" decoding=\"async\" width=\"1096\" height=\"1236\" src=\"https:\/\/doro-naeht.de\/wp-content\/uploads\/2025\/04\/Doro-naeht_Bauchtaschen.jpg\" alt=\"\" class=\"wp-image-36\" style=\"aspect-ratio:1;object-fit:cover;width:284px;height:auto\" srcset=\"https:\/\/doro-naeht.de\/wp-content\/uploads\/2025\/04\/Doro-naeht_Bauchtaschen.jpg 1096w, https:\/\/doro-naeht.de\/wp-content\/uploads\/2025\/04\/Doro-naeht_Bauchtaschen-266x300.jpg 266w, https:\/\/doro-naeht.de\/wp-content\/uploads\/2025\/04\/Doro-naeht_Bauchtaschen-908x1024.jpg 908w, https:\/\/doro-naeht.de\/wp-content\/uploads\/2025\/04\/Doro-naeht_Bauchtaschen-768x866.jpg 768w\" sizes=\"auto, (max-width: 1096px) 100vw, 1096px\" \/><\/figure>\n\n\n\n<h3 class=\"wp-block-heading\" style=\"margin-top:16px\">Bauchtaschen<\/h3>\n\n\n\n<p>Jede Bauchtasche ist ein liebevoll zusammengestelltes Einzelst\u00fcck. Auch bei gleichem Stoff, bleibt sie ein Einzelst\u00fcck, da sie sich in Gr\u00f6\u00dfe, verwendeten Rei\u00dfverschl\u00fcssen, Schnallen, Gurtband oder Innenfutter unterscheidet.<\/p>\n\n\n\n<p>Du kannst dir auch deine ganz pers\u00f6nliche Bauchtasche selbst zusammenstellen.<\/p>\n<\/div>\n\n\n\n<div class=\"wp-block-column is-layout-flow wp-container-core-column-is-layout-6b73ce23 wp-block-column-is-layout-flow\">\n<figure class=\"wp-block-image size-full is-resized\"><img loading=\"lazy\" decoding=\"async\" width=\"1106\" height=\"1400\" src=\"https:\/\/doro-naeht.de\/wp-content\/uploads\/2025\/04\/Doro-naeht_Fischerhut.jpg\" alt=\"\" class=\"wp-image-37\" style=\"aspect-ratio:1;object-fit:cover;width:284px\" srcset=\"https:\/\/doro-naeht.de\/wp-content\/uploads\/2025\/04\/Doro-naeht_Fischerhut.jpg 1106w, https:\/\/doro-naeht.de\/wp-content\/uploads\/2025\/04\/Doro-naeht_Fischerhut-237x300.jpg 237w, https:\/\/doro-naeht.de\/wp-content\/uploads\/2025\/04\/Doro-naeht_Fischerhut-809x1024.jpg 809w, https:\/\/doro-naeht.de\/wp-content\/uploads\/2025\/04\/Doro-naeht_Fischerhut-768x972.jpg 768w\" sizes=\"auto, (max-width: 1106px) 100vw, 1106px\" \/><\/figure>\n\n\n\n<h3 class=\"wp-block-heading\" style=\"margin-top:16px\">Accessoires<\/h3>\n\n\n\n<p>M\u00fctzen, Beenies, Bucket Hats\/ Fischerh\u00fcte, Stirnb\u00e4nder. <\/p>\n\n\n\n<p>Bucket Hats sind per se in der Einheitsgr\u00f6\u00dfe (ca. 57-59cm) gen\u00e4ht und ebenfalls jedes Mal Einzelst\u00fccke.\u00a0Brauchst du eine andere Gr\u00f6\u00dfe, kann ich diese gerne anpassen.\u00a0<\/p>\n<\/div>\n\n\n\n<div class=\"wp-block-column is-layout-flow wp-container-core-column-is-layout-6b73ce23 wp-block-column-is-layout-flow\">\n<figure class=\"wp-block-image size-full is-resized\"><img loading=\"lazy\" decoding=\"async\" width=\"1330\" height=\"1386\" src=\"https:\/\/doro-naeht.de\/wp-content\/uploads\/2025\/04\/Doro-naeht_Kinderkleidung.jpg\" alt=\"\" class=\"wp-image-35\" style=\"aspect-ratio:1;object-fit:cover;width:284px\" srcset=\"https:\/\/doro-naeht.de\/wp-content\/uploads\/2025\/04\/Doro-naeht_Kinderkleidung.jpg 1330w, https:\/\/doro-naeht.de\/wp-content\/uploads\/2025\/04\/Doro-naeht_Kinderkleidung-288x300.jpg 288w, https:\/\/doro-naeht.de\/wp-content\/uploads\/2025\/04\/Doro-naeht_Kinderkleidung-983x1024.jpg 983w, https:\/\/doro-naeht.de\/wp-content\/uploads\/2025\/04\/Doro-naeht_Kinderkleidung-768x800.jpg 768w\" sizes=\"auto, (max-width: 1330px) 100vw, 1330px\" \/><\/figure>\n\n\n\n<h3 class=\"wp-block-heading\" style=\"margin-top:16px\">Kids Outfits<\/h3>\n\n\n\n<p>Hosen, Shirts, Pullis, Kleider, Loops, M\u00fctzen etc. in einer Vielfalt an Variationen an und in unterschiedlichen Gr\u00f6\u00dfen<\/p>\n<\/div>\n<\/div>\n<\/div>\n\n\n\n<div class=\"wp-block-group alignfull has-ast-global-color-5-background-color has-background is-layout-constrained wp-container-core-group-is-layout-94d206d0 wp-block-group-is-layout-constrained\" id=\"about\" style=\"padding-top:143px;padding-bottom:144px\">\n<div class=\"wp-block-media-text has-media-on-the-right is-stacked-on-mobile is-vertically-aligned-center\"><div class=\"wp-block-media-text__content\">\n<div class=\"inherit-container-width wp-block-group is-layout-constrained wp-container-core-group-is-layout-47ce07ec wp-block-group-is-layout-constrained\" style=\"padding-right:80px\">\n<h2 class=\"wp-block-heading\" style=\"padding-right:40px\">Pop-ups &amp; more<\/h2>\n\n\n\n<p><strong>Ostermontag, 21.04.2025<\/strong><br>Farbenfabrik Flohmarkt<br>@Milchsackfabrik Tanzhauswest<\/p>\n\n\n\n<p><strong>Freitag, 02.05.2025<\/strong><br>17 bis 22 Uhr<br>@Ost\u00e4ndStore, Frankfurt<\/p>\n<\/div>\n<\/div><figure class=\"wp-block-media-text__media\"><img loading=\"lazy\" decoding=\"async\" width=\"1018\" height=\"1024\" src=\"https:\/\/doro-naeht.de\/wp-content\/uploads\/2025\/04\/Doro-naeht_mit-Ebbelwoi-Bauchtasche-1018x1024.jpg\" alt=\"\" class=\"wp-image-38 size-full\" srcset=\"https:\/\/doro-naeht.de\/wp-content\/uploads\/2025\/04\/Doro-naeht_mit-Ebbelwoi-Bauchtasche-1018x1024.jpg 1018w, https:\/\/doro-naeht.de\/wp-content\/uploads\/2025\/04\/Doro-naeht_mit-Ebbelwoi-Bauchtasche-298x300.jpg 298w, https:\/\/doro-naeht.de\/wp-content\/uploads\/2025\/04\/Doro-naeht_mit-Ebbelwoi-Bauchtasche-150x150.jpg 150w, https:\/\/doro-naeht.de\/wp-content\/uploads\/2025\/04\/Doro-naeht_mit-Ebbelwoi-Bauchtasche-768x772.jpg 768w, https:\/\/doro-naeht.de\/wp-content\/uploads\/2025\/04\/Doro-naeht_mit-Ebbelwoi-Bauchtasche.jpg 1432w\" sizes=\"auto, (max-width: 1018px) 100vw, 1018px\" \/><\/figure><\/div>\n<\/div>\n\n\n\n<div class=\"wp-block-columns is-layout-flex wp-container-core-columns-is-layout-28f84493 wp-block-columns-is-layout-flex\">\n<div class=\"wp-block-column is-layout-flow wp-block-column-is-layout-flow\">\n<h4 class=\"wp-block-heading\">Handarbeit<\/h4>\n\n\n\n<p>In \u00fcber 15 Jahren habe ich mir das N\u00e4hen angeeignet. Ich bin keine ausgebildete Schneiderin. Mit jedem St\u00fcck, das ich n\u00e4he, \u00fcbe ich weiter, werde noch schneller, genauer und lerne aufs Neue dazu.<\/p>\n\n\n\n<p>Meine gen\u00e4hten St\u00fccke sind erprobt und wertig.<\/p>\n\n\n\n<p>Sollte mir da aber mal etwas durchgehen und es euch st\u00f6ren, meldet euch bitte bei mir und finden gemeinsam eine L\u00f6sung.<\/p>\n<\/div>\n\n\n\n<div class=\"wp-block-column is-layout-flow wp-block-column-is-layout-flow\">\n<h4 class=\"wp-block-heading\">Katzen Atelier<\/h4>\n\n\n\n<p>Dies ist ein Hinweis f\u00fcr Alleriker.<\/p>\n\n\n\n<p>In meinem Haushalt lebt eine Katze. Sie schl\u00e4ft nicht in meinen Stoffregalen, aber sie h\u00e4lt sich auch im N\u00e4hzimmer auf und generell sind auch mal an mir und meiner Kleidung Katzenhaare, die auf das Gen\u00e4hte \u00fcbergehen k\u00f6nnen. Auch das pr\u00fcfe ich selbstverst\u00e4ndlich vorher genau, aber ich kann leider nicht garantieren, dass ich jedes Haar erwische oder dass sich beim Verpacken nicht doch noch eines verirrt.<\/p>\n<\/div>\n\n\n\n<div class=\"wp-block-column is-layout-flow wp-block-column-is-layout-flow\">\n<h4 class=\"wp-block-heading\">Stoffauswahl<\/h4>\n\n\n\n<p>Ich kaufe ausschlie\u00dflich Stoffe bei ausgew\u00e4hlten Shops, die auf \u00d6ko-Tex Standards achten. Daher sind auch nahezu alle meine gekauften Stoffe nach \u00d6ko-Tex Standard zertifiziert.<\/p>\n\n\n\n<p>Teilweise habe ich auch Bio-Stoffe oder in Deutschland hergestellte und mit Bio-Farben gef\u00e4rbte Stoffe. Auch habe ich eine gr\u00f6\u00dfere Auswahl an Vintage Stoffen, hei\u00dft bspw. alte Vorh\u00e4nge, Bettlaken aus den 80er\/90er Jahren. Dar\u00fcber habe ich nat\u00fcrlich keine Auskunft mehr was deren Zertifizierungen sind, es sind aber in der Regel reine 100% Baumwollstoffe.<\/p>\n<\/div>\n\n\n\n<div class=\"wp-block-column is-layout-flow wp-block-column-is-layout-flow\">\n<h4 class=\"wp-block-heading\">Widerrufsrecht<\/h4>\n\n\n\n<p>Bei bereits gefertigten St\u00fccken, habt ihr das Recht, sie innerhalb von 14 Tagen ohne Angabe von Gr\u00fcnden zur\u00fcckzugeben. Die m\u00f6glichen, dabei entstehenden Versandkosten \u00fcbernehmt ihr.&nbsp;<\/p>\n\n\n\n<p>St\u00fccke, die auf Wunsch und personalisiert gen\u00e4ht werden, sind vom Wiederruf ausgeschlossen.<\/p>\n<\/div>\n<\/div>\n\n\n\n<div class=\"wp-block-columns is-layout-flex wp-container-core-columns-is-layout-ec2e7a44 wp-block-columns-is-layout-flex\" style=\"padding-top:0;padding-bottom:0\">\n<div class=\"wp-block-column is-layout-flow wp-block-column-is-layout-flow\">\n<h4 class=\"wp-block-heading\">Waschen<\/h4>\n\n\n\n<p>Alle waschbaren Stoffe, die ich besitze und vern\u00e4he, wasche ich bei 30\u00b0 vor, um sp\u00e4teres Einlaufen oder Abf\u00e4rben zu vermeiden. Wenn es sich um besonders dunkle oder kr\u00e4ftige Farben handelt, oder hei\u00dfer gewaschen wird, kann ich nicht garantieren, ob Stoffe noch abf\u00e4rben oder einlaufen k\u00f6nnen.<\/p>\n\n\n\n<p>Meine Kleidung f\u00fchlt sich am wohlsten, wenn sie bei 30\u00b0 gewaschen wird und keinen Trockner sieht. Meine Gr\u00f6\u00dfenlabels sind meistens geplottet, also aufgeb\u00fcgelte Folie. Diese vertr\u00e4gt Trockner gar nicht gut. Daher sollten beplottete St\u00fccke \u00fcberhaupt nicht in den Trockner. Bei der reinen Kleidung im Trockner wurde die Erfahrung gemacht, dass B\u00fcndchen enger werden und Farben ausbleichrn k\u00f6nnen.&nbsp;<\/p>\n\n\n\n<p>Bauchtaschen k\u00f6nnen in der Regel auch gewaschen werden, am besten so schonend wie m\u00f6glich und in einem separaten Beutel. Taschen mit vern\u00e4hten Kunstleder sollten bei Bedarf nur sorgf\u00e4ltig per Hand gewaschen werden.<\/p>\n<\/div>\n<\/div>\n\n\n\n<p><\/p>\n","protected":false},"excerpt":{"rendered":"<p>Was Doro n\u00e4ht Bauchtaschen Jede Bauchtasche ist ein liebevoll zusammengestelltes Einzelst\u00fcck. Auch bei gleichem Stoff, bleibt sie ein Einzelst\u00fcck, da [&hellip;]<\/p>\n","protected":false},"author":1,"featured_media":0,"parent":0,"menu_order":0,"comment_status":"closed","ping_status":"closed","template":"","meta":{"site-sidebar-layout":"no-sidebar","site-content-layout":"plain-container","ast-site-content-layout":"default","site-content-style":"default","site-sidebar-style":"default","ast-global-header-display":"","ast-banner-title-visibility":"","ast-main-header-display":"","ast-hfb-above-header-display":"","ast-hfb-below-header-display":"","ast-hfb-mobile-header-display":"","site-post-title":"disabled","ast-breadcrumbs-content":"","ast-featured-img":"","footer-sml-layout":"","ast-disable-related-posts":"","theme-transparent-header-meta":"enabled","adv-header-id-meta":"","stick-header-meta":"","header-above-stick-meta":"","header-main-stick-meta":"","header-below-stick-meta":"","astra-migrate-meta-layouts":"default","ast-page-background-enabled":"default","ast-page-background-meta":{"desktop":{"background-color":"var(--ast-global-color-5)","background-image":"","background-repeat":"repeat","background-position":"center center","background-size":"auto","background-attachment":"scroll","background-type":"","background-media":"","overlay-type":"","overlay-color":"","overlay-opacity":"","overlay-gradient":""},"tablet":{"background-color":"","background-image":"","background-repeat":"repeat","background-position":"center center","background-size":"auto","background-attachment":"scroll","background-type":"","background-media":"","overlay-type":"","overlay-color":"","overlay-opacity":"","overlay-gradient":""},"mobile":{"background-color":"","background-image":"","background-repeat":"repeat","background-position":"center center","background-size":"auto","background-attachment":"scroll","background-type":"","background-media":"","overlay-type":"","overlay-color":"","overlay-opacity":"","overlay-gradient":""}},"ast-content-background-meta":{"desktop":{"background-color":"var(--ast-global-color-4)","background-image":"","background-repeat":"repeat","background-position":"center center","background-size":"auto","background-attachment":"scroll","background-type":"","background-media":"","overlay-type":"","overlay-color":"","overlay-opacity":"","overlay-gradient":""},"tablet":{"background-color":"var(--ast-global-color-4)","background-image":"","background-repeat":"repeat","background-position":"center center","background-size":"auto","background-attachment":"scroll","background-type":"","background-media":"","overlay-type":"","overlay-color":"","overlay-opacity":"","overlay-gradient":""},"mobile":{"background-color":"var(--ast-global-color-4)","background-image":"","background-repeat":"repeat","background-position":"center center","background-size":"auto","background-attachment":"scroll","background-type":"","background-media":"","overlay-type":"","overlay-color":"","overlay-opacity":"","overlay-gradient":""}},"footnotes":""},"class_list":["post-8","page","type-page","status-publish","hentry"],"yoast_head":"<!-- This site is optimized with the Yoast SEO plugin v27.5 - https:\/\/yoast.com\/product\/yoast-seo-wordpress\/ -->\n<title>Startseite - Doro N\u00e4ht<\/title>\n<meta name=\"robots\" content=\"index, follow, max-snippet:-1, max-image-preview:large, max-video-preview:-1\" \/>\n<link rel=\"canonical\" href=\"https:\/\/doro-naeht.de\/\" \/>\n<meta property=\"og:locale\" content=\"de_DE\" \/>\n<meta property=\"og:type\" content=\"article\" \/>\n<meta property=\"og:title\" content=\"Startseite - Doro N\u00e4ht\" \/>\n<meta property=\"og:description\" content=\"Was Doro n\u00e4ht Bauchtaschen Jede Bauchtasche ist ein liebevoll zusammengestelltes Einzelst\u00fcck. Auch bei gleichem Stoff, bleibt sie ein Einzelst\u00fcck, da [&hellip;]\" \/>\n<meta property=\"og:url\" content=\"https:\/\/doro-naeht.de\/\" \/>\n<meta property=\"og:site_name\" content=\"Doro N\u00e4ht\" \/>\n<meta property=\"article:modified_time\" content=\"2025-05-02T08:21:20+00:00\" \/>\n<meta property=\"og:image\" content=\"https:\/\/doro-naeht.de\/wp-content\/uploads\/2025\/04\/Doro-naeht___.jpg\" \/>\n\t<meta property=\"og:image:width\" content=\"1416\" \/>\n\t<meta property=\"og:image:height\" content=\"1440\" \/>\n\t<meta property=\"og:image:type\" content=\"image\/jpeg\" \/>\n<meta name=\"twitter:card\" content=\"summary_large_image\" \/>\n<meta name=\"twitter:label1\" content=\"Gesch\u00e4tzte Lesezeit\" \/>\n\t<meta name=\"twitter:data1\" content=\"4\u00a0Minuten\" \/>\n<script type=\"application\/ld+json\" class=\"yoast-schema-graph\">{\"@context\":\"https:\\\/\\\/schema.org\",\"@graph\":[{\"@type\":\"WebPage\",\"@id\":\"https:\\\/\\\/doro-naeht.de\\\/\",\"url\":\"https:\\\/\\\/doro-naeht.de\\\/\",\"name\":\"Startseite - Doro N\u00e4ht\",\"isPartOf\":{\"@id\":\"https:\\\/\\\/doro-naeht.de\\\/#website\"},\"primaryImageOfPage\":{\"@id\":\"https:\\\/\\\/doro-naeht.de\\\/#primaryimage\"},\"image\":{\"@id\":\"https:\\\/\\\/doro-naeht.de\\\/#primaryimage\"},\"thumbnailUrl\":\"https:\\\/\\\/doro-naeht.de\\\/wp-content\\\/uploads\\\/2025\\\/04\\\/Doro-naeht___-1007x1024.jpg\",\"datePublished\":\"2025-04-17T13:18:36+00:00\",\"dateModified\":\"2025-05-02T08:21:20+00:00\",\"breadcrumb\":{\"@id\":\"https:\\\/\\\/doro-naeht.de\\\/#breadcrumb\"},\"inLanguage\":\"de\",\"potentialAction\":[{\"@type\":\"ReadAction\",\"target\":[\"https:\\\/\\\/doro-naeht.de\\\/\"]}]},{\"@type\":\"ImageObject\",\"inLanguage\":\"de\",\"@id\":\"https:\\\/\\\/doro-naeht.de\\\/#primaryimage\",\"url\":\"https:\\\/\\\/doro-naeht.de\\\/wp-content\\\/uploads\\\/2025\\\/04\\\/Doro-naeht___.jpg\",\"contentUrl\":\"https:\\\/\\\/doro-naeht.de\\\/wp-content\\\/uploads\\\/2025\\\/04\\\/Doro-naeht___.jpg\",\"width\":1416,\"height\":1440},{\"@type\":\"BreadcrumbList\",\"@id\":\"https:\\\/\\\/doro-naeht.de\\\/#breadcrumb\",\"itemListElement\":[{\"@type\":\"ListItem\",\"position\":1,\"name\":\"Startseite\",\"item\":\"https:\\\/\\\/doro-naeht.de\\\/\"},{\"@type\":\"ListItem\",\"position\":2,\"name\":\"Startseite\"}]},{\"@type\":\"WebSite\",\"@id\":\"https:\\\/\\\/doro-naeht.de\\\/#website\",\"url\":\"https:\\\/\\\/doro-naeht.de\\\/\",\"name\":\"Doro N\u00e4ht\",\"description\":\"\",\"publisher\":{\"@id\":\"https:\\\/\\\/doro-naeht.de\\\/#organization\"},\"potentialAction\":[{\"@type\":\"SearchAction\",\"target\":{\"@type\":\"EntryPoint\",\"urlTemplate\":\"https:\\\/\\\/doro-naeht.de\\\/?s={search_term_string}\"},\"query-input\":{\"@type\":\"PropertyValueSpecification\",\"valueRequired\":true,\"valueName\":\"search_term_string\"}}],\"inLanguage\":\"de\"},{\"@type\":\"Organization\",\"@id\":\"https:\\\/\\\/doro-naeht.de\\\/#organization\",\"name\":\"Doro N\u00e4ht\",\"url\":\"https:\\\/\\\/doro-naeht.de\\\/\",\"logo\":{\"@type\":\"ImageObject\",\"inLanguage\":\"de\",\"@id\":\"https:\\\/\\\/doro-naeht.de\\\/#\\\/schema\\\/logo\\\/image\\\/\",\"url\":\"https:\\\/\\\/doro-naeht.de\\\/wp-content\\\/uploads\\\/2025\\\/04\\\/Doro-naeht_Frankfurt_Logo_lila.png\",\"contentUrl\":\"https:\\\/\\\/doro-naeht.de\\\/wp-content\\\/uploads\\\/2025\\\/04\\\/Doro-naeht_Frankfurt_Logo_lila.png\",\"width\":599,\"height\":599,\"caption\":\"Doro N\u00e4ht\"},\"image\":{\"@id\":\"https:\\\/\\\/doro-naeht.de\\\/#\\\/schema\\\/logo\\\/image\\\/\"}}]}<\/script>\n<!-- \/ Yoast SEO plugin. -->","yoast_head_json":{"title":"Startseite - Doro N\u00e4ht","robots":{"index":"index","follow":"follow","max-snippet":"max-snippet:-1","max-image-preview":"max-image-preview:large","max-video-preview":"max-video-preview:-1"},"canonical":"https:\/\/doro-naeht.de\/","og_locale":"de_DE","og_type":"article","og_title":"Startseite - Doro N\u00e4ht","og_description":"Was Doro n\u00e4ht Bauchtaschen Jede Bauchtasche ist ein liebevoll zusammengestelltes Einzelst\u00fcck. Auch bei gleichem Stoff, bleibt sie ein Einzelst\u00fcck, da [&hellip;]","og_url":"https:\/\/doro-naeht.de\/","og_site_name":"Doro N\u00e4ht","article_modified_time":"2025-05-02T08:21:20+00:00","og_image":[{"width":1416,"height":1440,"url":"https:\/\/doro-naeht.de\/wp-content\/uploads\/2025\/04\/Doro-naeht___.jpg","type":"image\/jpeg"}],"twitter_card":"summary_large_image","twitter_misc":{"Gesch\u00e4tzte Lesezeit":"4\u00a0Minuten"},"schema":{"@context":"https:\/\/schema.org","@graph":[{"@type":"WebPage","@id":"https:\/\/doro-naeht.de\/","url":"https:\/\/doro-naeht.de\/","name":"Startseite - Doro N\u00e4ht","isPartOf":{"@id":"https:\/\/doro-naeht.de\/#website"},"primaryImageOfPage":{"@id":"https:\/\/doro-naeht.de\/#primaryimage"},"image":{"@id":"https:\/\/doro-naeht.de\/#primaryimage"},"thumbnailUrl":"https:\/\/doro-naeht.de\/wp-content\/uploads\/2025\/04\/Doro-naeht___-1007x1024.jpg","datePublished":"2025-04-17T13:18:36+00:00","dateModified":"2025-05-02T08:21:20+00:00","breadcrumb":{"@id":"https:\/\/doro-naeht.de\/#breadcrumb"},"inLanguage":"de","potentialAction":[{"@type":"ReadAction","target":["https:\/\/doro-naeht.de\/"]}]},{"@type":"ImageObject","inLanguage":"de","@id":"https:\/\/doro-naeht.de\/#primaryimage","url":"https:\/\/doro-naeht.de\/wp-content\/uploads\/2025\/04\/Doro-naeht___.jpg","contentUrl":"https:\/\/doro-naeht.de\/wp-content\/uploads\/2025\/04\/Doro-naeht___.jpg","width":1416,"height":1440},{"@type":"BreadcrumbList","@id":"https:\/\/doro-naeht.de\/#breadcrumb","itemListElement":[{"@type":"ListItem","position":1,"name":"Startseite","item":"https:\/\/doro-naeht.de\/"},{"@type":"ListItem","position":2,"name":"Startseite"}]},{"@type":"WebSite","@id":"https:\/\/doro-naeht.de\/#website","url":"https:\/\/doro-naeht.de\/","name":"Doro N\u00e4ht","description":"","publisher":{"@id":"https:\/\/doro-naeht.de\/#organization"},"potentialAction":[{"@type":"SearchAction","target":{"@type":"EntryPoint","urlTemplate":"https:\/\/doro-naeht.de\/?s={search_term_string}"},"query-input":{"@type":"PropertyValueSpecification","valueRequired":true,"valueName":"search_term_string"}}],"inLanguage":"de"},{"@type":"Organization","@id":"https:\/\/doro-naeht.de\/#organization","name":"Doro N\u00e4ht","url":"https:\/\/doro-naeht.de\/","logo":{"@type":"ImageObject","inLanguage":"de","@id":"https:\/\/doro-naeht.de\/#\/schema\/logo\/image\/","url":"https:\/\/doro-naeht.de\/wp-content\/uploads\/2025\/04\/Doro-naeht_Frankfurt_Logo_lila.png","contentUrl":"https:\/\/doro-naeht.de\/wp-content\/uploads\/2025\/04\/Doro-naeht_Frankfurt_Logo_lila.png","width":599,"height":599,"caption":"Doro N\u00e4ht"},"image":{"@id":"https:\/\/doro-naeht.de\/#\/schema\/logo\/image\/"}}]}},"_links":{"self":[{"href":"https:\/\/doro-naeht.de\/index.php\/wp-json\/wp\/v2\/pages\/8","targetHints":{"allow":["GET"]}}],"collection":[{"href":"https:\/\/doro-naeht.de\/index.php\/wp-json\/wp\/v2\/pages"}],"about":[{"href":"https:\/\/doro-naeht.de\/index.php\/wp-json\/wp\/v2\/types\/page"}],"author":[{"embeddable":true,"href":"https:\/\/doro-naeht.de\/index.php\/wp-json\/wp\/v2\/users\/1"}],"replies":[{"embeddable":true,"href":"https:\/\/doro-naeht.de\/index.php\/wp-json\/wp\/v2\/comments?post=8"}],"version-history":[{"count":13,"href":"https:\/\/doro-naeht.de\/index.php\/wp-json\/wp\/v2\/pages\/8\/revisions"}],"predecessor-version":[{"id":81,"href":"https:\/\/doro-naeht.de\/index.php\/wp-json\/wp\/v2\/pages\/8\/revisions\/81"}],"wp:attachment":[{"href":"https:\/\/doro-naeht.de\/index.php\/wp-json\/wp\/v2\/media?parent=8"}],"curies":[{"name":"wp","href":"https:\/\/api.w.org\/{rel}","templated":true}]}}